{"id":172,"date":"2020-09-27T15:33:44","date_gmt":"2020-09-27T13:33:44","guid":{"rendered":"https:\/\/www.eureka-konzepte.de\/?page_id=172"},"modified":"2024-08-07T14:34:46","modified_gmt":"2024-08-07T12:34:46","slug":"data-privacy","status":"publish","type":"page","link":"https:\/\/www.eureka-konzepte.de\/en\/data-privacy\/","title":{"rendered":"Data Privacy"},"content":{"rendered":"\n<h2 class=\"wp-block-heading\">Pr\u00e4ambel<\/h2>\n\n\n\n<p>Wir freuen uns \u00fcber Ihren Besuch auf unserer Website. Die Betreiber dieser Seiten nehmen den Schutz Ihrer pers\u00f6nlichen Daten sehr ernst. Wir behandeln Ihre personenbezogenen Daten vertraulich und entsprechend der gesetzlichen Datenschutzvorschriften sowie dieser Datenschutzerkl\u00e4rung. Zun\u00e4chst m\u00f6chten wir uns Ihnen als verantwortliche Stelle im Sinne des Datenschutzrechts vorstellen:<\/p>\n\n\n\n<h2 class=\"wp-block-heading\">Verantwortliche Stelle<\/h2>\n\n\n\n<p>Pascal Knoll, Inhaber EUREKA Konzepte<br>Boninstra\u00dfe 2<br>22765 Hamburg<br>Telefon: +49 (0)172 6927841<br>E-Mail: pascal.knoll@eureka-konzepte.de<\/p>\n\n\n\n<h2 class=\"wp-block-heading\">Datenschutzbeauftragter<\/h2>\n\n\n\n<p>Wir benennen keinen gesonderten Datenschutzbeauftragten, da unsere Agentur weniger als 10 Mitarbeiter(innen) besch\u00e4ftigt.<\/p>\n\n\n\n<h2 class=\"wp-block-heading\">Allgemeines<\/h2>\n\n\n\n<p>Wir m\u00f6chten Sie in \u00dcbereinstimmung mit unserer gesetzlichen Verpflichtung \u00fcber die Erhebung und Verwendung ihrer personenbezogenen Daten informieren.<\/p>\n\n\n\n<p>Wenn Sie unsere Website nutzen, werden personenbezogene Daten \u00fcber Sie erfasst. Dies kann dadurch erfolgen, dass Sie die Daten eigenst\u00e4ndig eingeben \u2013 wie z.B. Ihre Mailadresse. Unser System erfasst Daten von Ihnen aber auch automatisch, wie etwa Ihren Besuch auf unserer Website. Dies erfolgt unabh\u00e4ngig davon, mit welchem Ger\u00e4t oder mit welcher Software Sie unsere Website nutzen.<\/p>\n\n\n\n<p>Jegliche Eingabe von Daten durch Sie auf unserer Website ist freiwillig, es treten durch die Nichtpreisgabe Ihrer Daten f\u00fcr Sie keine Nachteile ein. Ohne bestimmte Daten ist es uns aber nicht m\u00f6glich, Leistungen zu erbringen oder Vertr\u00e4ge zu schlie\u00dfen. Auf derartige Pflichtangaben werden wir Sie jeweils hinweisen.<\/p>\n\n\n\n<p>Auf dieser Webseite werden personenbezogene Daten des Nutzers nur im Rahmen des geltenden Datenschutzrechts, insbesondere der Datenschutzgrundverordnung (DSGVO), erhoben. Die in dem Text verwendeten Fachbegriffe werden in Art. 4 der DSGVO n\u00e4her erl\u00e4utert.<\/p>\n\n\n\n<p>Eine Datenverarbeitung ist nach der DSGVO insbesondere in drei F\u00e4llen erlaubt:<\/p>\n\n\n\n<ul class=\"wp-block-list\">\n<li>nach Art. 6 Abs. 1 lit. a und 7 DSGVO, wenn Sie in die Datenverarbeitung durch uns eingewilligt haben; jeweils werden wir Sie vorher in dieser Datenschutzerkl\u00e4rung und anl\u00e4sslich der Einwilligung nach Ma\u00dfgabe von Art. 4 Nr. 11 DSGVO genau unterrichten, wozu und unter welchen Umst\u00e4nden Ihre Daten von uns verarbeitet werden;<\/li>\n\n\n\n<li>nach Art. 6 Abs. 1 lit. b DSGVO, wenn die Verarbeitung Ihrer personenbezogenen Daten f\u00fcr die Anbahnung, den Abschluss oder die Abwicklung eines Vertragsverh\u00e4ltnisses erforderlich ist;<\/li>\n\n\n\n<li>nach Art. 6 Abs. 1 lit. f DSGVO, wenn nach einer Interessenabw\u00e4gung die Verarbeitung zur Wahrung unserer berechtigten Interessen erforderlich ist; dazu geh\u00f6ren insbesondere unsere Interessen, das Angebot auf unserer Website zu analysieren, zu optimieren und abzusichern \u2013 darunter fallen vor allem eine Analyse des Nutzerverhaltens, die Erstellung von Profilen f\u00fcr Werbezwecke und die Speicherung von Zugriffsdaten sowie der Einsatz von dritten Anbietern.<\/li>\n<\/ul>\n\n\n\n<p><em>Bestandsdaten<\/em><br>Wir erheben Bestandsdaten soweit sie f\u00fcr die Begr\u00fcndung, inhaltliche Ausgestaltung oder \u00c4nderung eines (auch unentgeltlichen) Vertragsverh\u00e4ltnisses zwischen uns und dem Nutzer erforderlich sind. Dazu k\u00f6nnen geh\u00f6ren: Kundendaten (z.B. Name, Adresse), Kontaktdaten (z.B. E-Mail-Adresse, Telefonnummer), Leistungsdaten (z.B. bestellte Leistung, Laufzeit, Entgelt). Bei der Begr\u00fcndung des Nutzungsverh\u00e4ltnisses werden wir diese Daten von Ihnen abfragen (z.B. Name, Anschrift und Mail-Adresse) und Ihnen auch mitteilen, inwieweit die Angabe jeweils verbindlich erforderlich ist, um das Nutzungsverh\u00e4ltnis zu begr\u00fcnden.<\/p>\n\n\n\n<p><em>Nutzungsdaten<\/em><br>Weiter erheben wir Nutzungsdaten, um die Inanspruchnahme der Dienste auf unserer Website durch den Nutzer zu erm\u00f6glichen. Dazu k\u00f6nnen geh\u00f6ren: Nutzungsangaben (z.B. aufgerufene Webseiten oder Bereiche, Besuchsdauer, Interesse an Leistungen), Inhaltsdaten (z.B. von Ihnen eingegebene oder hochgeladene Daten, Texte, Bilder, T\u00f6ne, Videos), Metadaten (z.B. Identit\u00e4t Ihres Ger\u00e4tes, Standort, IP-Adresse).<\/p>\n\n\n\n<p>Eine Zusammenf\u00fchrung von Nutzungsdaten wird von uns nur vorgenommen, sofern und soweit dies f\u00fcr Abrechnungszwecke erforderlich ist. Ansonsten werden wir Nutzungsdaten nur pseudonym erstellen und nur, soweit Sie dem nicht widersprochen haben. Diesen Widerspruch k\u00f6nnen Sie jederzeit an die in dem Impressum angegebene Anschrift oder den in dieser Datenschutzerkl\u00e4rung genannten Verantwortlichen senden.<\/p>\n\n\n\n<p>Rechtsgrundlage f\u00fcr diese Datenverarbeitung sind zum einen unsere berechtigten Interessen gem. Art. 6 Abs. 1 lit. f DSGVO an der Analyse der Website und Ihrer Nutzung, gegebenenfalls auch die gesetzliche Erlaubnis zur Speicherung von Daten im Rahmen der Anbahnung eines Vertragsverh\u00e4ltnisses gem. Art. 6 Abs. 1 lit. b DSGVO.<\/p>\n\n\n\n<p>Weiter speichert unser Provider bei jeder Nutzung dieser Webseite Informationen, die sog. Server Log Dateien, die automatisch von Ihrem Browser \u00fcbermittelt werden. Dies sind:<\/p>\n\n\n\n<ul class=\"wp-block-list\">\n<li>Ihre IP-Adresse<\/li>\n\n\n\n<li>Typ und Version Ihres Browsers<\/li>\n\n\n\n<li>Hostname<\/li>\n\n\n\n<li>Besuchszeitpunkt<\/li>\n\n\n\n<li>die Seite, von der aus Sie unsere Seite besucht haben<\/li>\n\n\n\n<li>Name der aufgerufenen Seite<\/li>\n\n\n\n<li>genauer Zeitpunkt des Aufrufes sowie<\/li>\n\n\n\n<li>die \u00fcbertragene Datenmenge<\/li>\n<\/ul>\n\n\n\n<p>Diese Daten werden nur f\u00fcr statistische Zwecke verwendet und erm\u00f6glichen uns keine Identifikation von Ihnen als Nutzer.<\/p>\n\n\n\n<h2 class=\"wp-block-heading\">Erstkontakt durch elektronische Anfrage<\/h2>\n\n\n\n<p>Kontaktieren Sie uns in elektronischer Form (z.B. Mail, Fax, Telefon, Messenger, etc.), speichern und verarbeiten wir die Daten, die Sie uns bekannt gegeben haben (z.B. Name, Kontaktinformationen, Inhalt der Anfrage). Rechtsgrundlage daf\u00fcr ist unser berechtigtes Interesse an effektiver Kundenkommunikation gem. Art. 6 Abs. 1 lit. a DSGVO und, soweit es um eine Anfrage zur Eingehung oder Erf\u00fcllung eines Vertrages geht, auch Art. 6 Abs. 1 lit. b DSGVO.<\/p>\n\n\n\n<p>Diese Daten werden wir an Dritte nur weitergeben, soweit es (nach Art. 6 Abs. 1 lit. b DSGVO) f\u00fcr die Erf\u00fcllung des Vertrages erforderlich ist, dies dem \u00fcberwiegenden Interesse an einer effektiven Leistung (gem. Art. 6 Abs. 1 lit. f DSGVO) entspricht oder Ihre Einwilligung (nach Art. 6 Abs. 1 lit. a DSGVO) oder eine sonstige gesetzliche Erlaubnis oder Pflicht vorliegt.<\/p>\n\n\n\n<p>Sie k\u00f6nnen von uns jederzeit unentgeltlich Auskunft \u00fcber Zweck der Verarbeitung, Herkunft und ggf. Empf\u00e4nger Ihrer personenbezogenen Daten verlangen. Weiter k\u00f6nnen Sie die Berichtigung, die L\u00f6schung und die Einschr\u00e4nkung der Verarbeitung Ihrer personenbezogenen Daten geltend machen. Sie k\u00f6nnen jederzeit Widerspruch gegen die (weitere) Verarbeitung Ihrer Daten erheben und haben ein Recht auf Daten\u00fcbertragbarkeit sowie ein Recht auf Beschwerde bei der zust\u00e4ndigen Aufsichtsbeh\u00f6rde.<\/p>\n\n\n\n<p>Ihre Daten bleiben grunds\u00e4tzlich nur so lange gespeichert, wie es der Zweck der jeweiligen Datenverarbeitung erfordert. Eine weitergehende Speicherung kommt vor allem in Betracht, wenn dies zur Rechtsverfolgung oder aus berechtigten Interessen noch erforderlich ist oder eine gesetzliche Pflicht besteht, die Daten noch aufzubewahren (z.B. steuerliche Aufbewahrungsfristen, Verj\u00e4hrungsfrist).<\/p>\n\n\n\n<h2 class=\"wp-block-heading\">Einwilligung<\/h2>\n\n\n\n<p>Soweit wir Sie um Ihre Einwilligung bitten, Ihre Daten zu verarbeiten, werden wir Sie in klarer Sprache und leicht zug\u00e4nglich dar\u00fcber informieren, f\u00fcr welche F\u00e4lle Sie Ihre Einwilligung erteilen. Jede von uns erbetene Einwilligung ist freiwillig, jeden Vorteil, den Sie durch die Erteilung einer Einwilligung erlangen m\u00f6chten, k\u00f6nnen Sie auch ohne die Einwilligung bekommen, fragen Sie uns einfach.<\/p>\n\n\n\n<p>F\u00fcr jede Einwilligung gilt, dass Sie das Recht haben, jederzeit eine uns erteilte Einwilligung zur Verarbeitung Ihrer personenbezogenen Daten zu widerrufen. Dies kann durch eine formlose Mitteilung erfolgen, z.B. \u00fcber eine Mail an die im Impressum angegebene Mail-Adresse. Ihr Widerruf ber\u00fchrt die Rechtm\u00e4\u00dfigkeit der bis dahin vorgenommenen Datenverarbeitung nicht.<\/p>\n\n\n\n<h2 class=\"wp-block-heading\">Speicherdauer<\/h2>\n\n\n\n<p>Ihre Daten bleiben grunds\u00e4tzlich nur so lange gespeichert, wie es der Zweck der jeweiligen Datenverarbeitung erfordert. Eine weitergehende Speicherung kommt vor allem in Betracht, wenn dies zur Rechtsverfolgung durch uns oder aus unseren sonstigen berechtigten Interessen noch erforderlich ist.<\/p>\n\n\n\n<p>F\u00fcr Ihre Bestandsdaten, die zur Erf\u00fcllung eines (auch unentgeltlichen) Vertragsverh\u00e4ltnisses erforderlich waren, bedeutet das, dass wir diese bis zur vollst\u00e4ndigen Erf\u00fcllung oder Beendigung des Vertragsverh\u00e4ltnisses zuz\u00fcglich der Verj\u00e4hrungsfrist (die generelle 2 oder 3 Jahre betr\u00e4gt) nebst eines angemessenen Aufschlages f\u00fcr eine eventuelle Unterbrechung der Verj\u00e4hrung speichern.<\/p>\n\n\n\n<p>F\u00fcr Ihre Nutzungsdaten, die anl\u00e4sslich Ihrer Nutzung der Website erfasst wurden, bedeutet das, das wir diese nur so lange speichern, wie dies f\u00fcr die ordnungsgem\u00e4\u00dfe Funktion unserer Website noch erforderlich ist und unser berechtigtes Interesse reicht. Statistische Angaben werden wir in erster Linie nur pseudonomysiert speichern.<\/p>\n\n\n\n<p>Dar\u00fcber hinaus speichern wir Ihre Daten noch, soweit wir dazu gesetzlich verpflichtet sind. Das sind insbesondere die steuerlichen Aufbewahrungsfristen, die grunds\u00e4tzlich 6 oder gar 10 Jahre betragen.<\/p>\n\n\n\n<h2 class=\"wp-block-heading\">Weitergabe der Daten an Dritte<\/h2>\n\n\n\n<p>Wir m\u00f6gen Spam genauso wenig wie Sie. Wir werden daher Ihre Daten nicht an Dritte weitergeben, soweit dies nicht gesetzlich erlaubt ist.<\/p>\n\n\n\n<p>Eine Weitergabe Ihrer Daten kann entweder<\/p>\n\n\n\n<ul class=\"wp-block-list\">\n<li>f\u00fcr die Erf\u00fcllung eines Vertrages erforderlich und dann nach Art. 6 Abs. 1 lit. b DSGVO erlaubt sein oder<\/li>\n\n\n\n<li>auf Grundlage unseres berechtigten Interesses an einer effektiven Leistungsgestaltung gem. Art. 6 Abs. 1 lit. f DSGVO erlaubt sein,<\/li>\n\n\n\n<li>von einer von Ihnen erteilten Einwilligung gedeckt sein oder<\/li>\n\n\n\n<li>notwendig werden, wenn wir gem. Art. 6 Abs. 1 lit. c DSGVO von einem Staat oder einer Beh\u00f6rde rechtm\u00e4\u00dfig auf Herausgabe Ihrer Daten in Anspruch genommen werden.<\/li>\n<\/ul>\n\n\n\n<p>Soweit Ihre Daten an Dritte weiter gegeben werden, ist das in dieser Datenschutzerkl\u00e4rung aufgef\u00fchrt.<\/p>\n\n\n\n<h2 class=\"wp-block-heading\">Ihre Rechte als betroffene Person<\/h2>\n\n\n\n<p>Soweit Ihre personenbezogenen Daten anl\u00e4sslich des Besuchs unserer Webseite verarbeitet werden, stehen Ihnen als \u201ebetroffene Person\u201c im Sinne der DSGVO folgende Rechte zu:<\/p>\n\n\n\n<p><em>Auskunft<\/em><\/p>\n\n\n\n<p>Sie k\u00f6nnen von uns Auskunft dar\u00fcber verlangen, ob personenbezogene Daten von Ihnen bei uns verarbeitet werden. Kein Auskunftsrecht besteht, wenn die Erteilung der begehrten Informationen gegen die Verschwiegenheitspflicht gem. \u00a7 83 StBerG versto\u00dfen w\u00fcrde oder die Informationen aus sonstigen Gr\u00fcnden, insbesondere wegen eines \u00fcberwiegenden berechtigten Interesses eines Dritten, geheim gehalten werden m\u00fcssen. Hiervon abweichend kann eine Pflicht zur Erteilung der Auskunft bestehen, wenn insbesondere unter Ber\u00fccksichtigung drohender Sch\u00e4den Ihre Interessen gegen\u00fcber dem Geheimhaltungsinteresse \u00fcberwiegen. Das Auskunftsrecht ist ferner ausgeschlossen, wenn die Daten nur deshalb gespeichert sind, weil sie aufgrund gesetzlicher oder satzungsm\u00e4\u00dfiger Aufbewahrungsfristen nicht gel\u00f6scht werden d\u00fcrfen oder ausschlie\u00dflich Zwecken der Datensicherung oder der Datenschutzkontrolle dienen, sofern die Auskunftserteilung einen unverh\u00e4ltnism\u00e4\u00dfig hohen Aufwand erfordern w\u00fcrde und die Verarbeitung zu anderen Zwecken durch geeignete technische und organisatorische Ma\u00dfnahmen ausgeschlossen ist. Sofern in Ihrem Fall das Auskunftsrecht nicht ausgeschlossen ist und Ihre personenbezogenen Daten von uns verarbeitet werden, k\u00f6nnen Sie von uns Auskunft \u00fcber folgende Informationen verlangen:<br>&#8211; Zwecke der Verarbeitung,<br>&#8211; Kategorien der von Ihnen verarbeiteten personenbezogenen Daten,<br>&#8211; Empf\u00e4nger oder Kategorien von Empf\u00e4ngern, gegen\u00fcber denen Ihre personenbezogenen Daten offen gelegt werden, insbesondere bei Empf\u00e4ngern in Drittl\u00e4ndern,<br>&#8211; falls m\u00f6glich die geplante Dauer, f\u00fcr die Ihre personenbezogenen Daten gespeichert werden oder, falls dies nicht m\u00f6glich ist, die Kriterien f\u00fcr die Festlegung der Speicherdauer,<br>&#8211; das Bestehen eines Rechts auf Berichtigung oder L\u00f6schung oder Einschr\u00e4nkung der Verarbeitung der Sie betreffenden personenbezogenen Daten oder eines Widerspruchsrechts gegen diese Verarbeitung,<br>&#8211; das Bestehen eines Beschwerderechts bei einer Aufsichtsbeh\u00f6rde f\u00fcr den Datenschutz,<br>&#8211; sofern die personenbezogenen Daten nicht bei Ihnen als betroffene Person erhoben worden sind, die verf\u00fcgbaren Informationen \u00fcber die Datenherkunft,<br>&#8211; ggf. im Fall der \u00dcbermittlung an Empf\u00e4nger in Drittl\u00e4ndern, sofern kein Beschluss der EU-Kommission \u00fcber die Angemessenheit des Schutzniveaus nach Art. 45 Abs. 3 DSGVO vorliegt, Informationen dar\u00fcber, welche geeigneten Garantien gem. Art. 46 Abs. 2 DSGVO zum Schutze der personenbezogenen Daten vorgesehen sind.<\/p>\n\n\n\n<p><em>Berichtigung und Vervollst\u00e4ndigung<\/em><\/p>\n\n\n\n<p>Sofern Sie feststellen, dass uns unrichtige personenbezogene Daten von Ihnen vorliegen, k\u00f6nnen Sie von uns die unverz\u00fcgliche Berichtigung dieser unrichtigen Daten verlangen. Bei unvollst\u00e4ndigen Sie betreffenden personenbezogenen Daten k\u00f6nnen sie die Vervollst\u00e4ndigung verlangen.<\/p>\n\n\n\n<p><em>L\u00f6schung<\/em><\/p>\n\n\n\n<p>Sie haben ein Recht auf L\u00f6schung (\u201eRecht auf Vergessenwerden\u201c), sofern die Verarbeitung nicht zur Aus\u00fcbung des Rechts auf freie Meinungs\u00e4u\u00dferung, des Rechts auf Information oder zur Erf\u00fcllung einer rechtlichen Verpflichtung oder zur Wahrnehmung einer Aufgabe, die im \u00f6ffentlichen Interesse liegt, erforderlich ist und einer der nachstehenden Gr\u00fcnde zutrifft:<br>&#8211; Die personenbezogenen Daten sind f\u00fcr die Zwecke, f\u00fcr die sie verarbeitet wurden, nicht mehr notwendig.<br>&#8211; Die Rechtfertigungsgrundlage f\u00fcr die Verarbeitung war ausschlie\u00dflich Ihre Einwilligung, welche Sie widerrufen haben.<br>&#8211; Sie haben Widerspruch gegen die Verarbeitung Ihrer personenbezogenen Daten eingelegt, die wir \u00f6ffentlich gemacht haben.<br>&#8211; Sie haben Widerspruch gegen die Verarbeitung von uns nicht \u00f6ffentlich gemachter personenbezogener Daten eingelegt und es liegen keine vorrangigen berechtigten Gr\u00fcnde f\u00fcr die Verarbeitung vor.<br>&#8211; Ihre personenbezogenen Daten wurden unrechtm\u00e4\u00dfig verarbeitet.<br>&#8211; Die L\u00f6schung der personenbezogenen Daten ist zur Erf\u00fcllung einer gesetzlichen Verpflichtung, der wir unterliegen, erforderlich.<br>Kein Anspruch auf L\u00f6schung besteht, wenn die L\u00f6schung im Falle rechtm\u00e4\u00dfiger nicht automatisierter Datenverarbeitung wegen der besonderen Art der Speicherung nicht oder nur mit unverh\u00e4ltnism\u00e4\u00dfig hohem Aufwand m\u00f6glich und Ihr Interesse an der L\u00f6schung gering ist. In diesem Fall tritt an die Stelle einer L\u00f6schung die Einschr\u00e4nkung der Verarbeitung.<\/p>\n\n\n\n<p><em>Einschr\u00e4nkung der Verarbeitung<\/em><\/p>\n\n\n\n<p>Sie k\u00f6nnen von uns die Einschr\u00e4nkung der Verarbeitung verlangen, wenn einer der nachstehenden Gr\u00fcnde zutrifft:<br>&#8211; Sie bestreiten die Richtigkeit der personenbezogenen Daten. Die Einschr\u00e4nkung kann in diesem Fall f\u00fcr die Dauer verlangt werden, die es uns erm\u00f6glicht, die Richtigkeit der Daten zu \u00fcberpr\u00fcfen.<br>&#8211; Die Verarbeitung ist unrechtm\u00e4\u00dfig und Sie verlangen statt L\u00f6schung die Einschr\u00e4nkung der Nutzung Ihrer personenbezogenen Daten.<br>&#8211; Ihre personenbezogenen Daten werden von uns nicht l\u00e4nger f\u00fcr die Zwecke der Verarbeitung ben\u00f6tigt, die Sie jedoch zur Geltendmachung, Aus\u00fcbung oder Verteidigung von Rechtsanspr\u00fcchen ben\u00f6tigen.<br>&#8211; Sie haben Widerspruch gem. Art. 21 Abs. 1 DSGVO eingelegt. Die Einschr\u00e4nkung der Verarbeitung kann solange verlangt werden, wie noch nicht feststeht, ob unsere berechtigten Gr\u00fcnde gegen\u00fcber Ihren Gr\u00fcnden \u00fcberwiegen.<\/p>\n\n\n\n<p>Einschr\u00e4nkung der Verarbeitung bedeutet, dass die personenbezogenen Daten nur mit Ihrer Einwilligung oder zur Geltendmachung, Aus\u00fcbung oder Verteidigung von Rechtsanspr\u00fcchen oder zum Schutz der Rechte einer anderen nat\u00fcrlichen oder juristischen Person oder aus Gr\u00fcnden eines wichtigen \u00f6ffentlichen Interesses verarbeitet werden. Bevor wir die Einschr\u00e4nkung aufheben, haben wir die Pflicht, Sie dar\u00fcber zu unterrichten.<\/p>\n\n\n\n<p><em>Daten\u00fcbertragbarkeit<\/em><\/p>\n\n\n\n<p>Sie haben ein Recht auf Daten\u00fcbertragbarkeit, sofern die Verarbeitung auf Ihrer Einwilligung (Art. 6 Abs. 1 Satz 1 Buchst. a) oder Art. 9 Abs. 2 Buchst. a) DSGVO) oder auf einem Vertrag beruht, dessen Vertragspartei Sie sind und die Verarbeitung mithilfe automatisierter Verfahren erfolgt. Das Recht auf Daten\u00fcbertragbarkeit beinhaltet in diesem Fall folgende Rechte, sofern hierdurch nicht die Rechte und Freiheiten anderer Personen beeintr\u00e4chtigt werden: Sie k\u00f6nnen von uns verlangen, die personenbezogenen Daten, die Sie uns bereit gestellt haben, in einem strukturierten, g\u00e4ngigen und maschinenlesbaren Format zu erhalten. Sie haben das Recht, diese Daten einem anderen Verantwortlichen ohne Behinderung unserseits zu \u00fcbermitteln. Soweit technisch machbar, k\u00f6nnen Sie von uns verlangen, dass wir Ihre personenbezogenen Daten direkt an einen anderen Verantwortlichen \u00fcbermitteln.<\/p>\n\n\n\n<p><em>Widerspruch<\/em><\/p>\n\n\n\n<p>Sofern die Verarbeitung auf Art. 6 Abs. 1 Satz 1 Buchst. e) DSGVO (Wahrnehmung einer Aufgabe im \u00f6ffentlichen Interesse oder in Aus\u00fcbung \u00f6ffentlicher Gewalt) oder auf Art. 6 Abs. 1 Satz 1 Buchst. f) DSGVO (berechtigtes Interesse des Verantwortlichen oder eines Dritten) beruht, haben Sie das Recht, aus Gr\u00fcnden, die sich aus Ihrer besonderen Situation ergeben, jederzeit gegen die Verarbeitung der Sie betreffenden personenbezogenen Daten Widerspruch einzulegen. Nach Aus\u00fcbung des Widerspruchsrechts verarbeiten wir Ihre personenbezogenen Daten nicht mehr, es sei denn, wir k\u00f6nnen zwingende schutzw\u00fcrdige Gr\u00fcnde f\u00fcr die Verarbeitung nachweisen, die Ihre Interessen, Rechte und Freiheiten \u00fcberwiegen, oder die Verarbeitung dient der Geltendmachung, Aus\u00fcbung oder Verteidigung von Rechtsanspr\u00fcchen.<\/p>\n\n\n\n<p>Sie k\u00f6nnen jederzeit Widerspruch gegen die Verarbeitung der Sie betreffenden personenbezogenen Daten zu Zwecken der Direktwerbung einlegen. Nach Aus\u00fcbung dieses Widerspruchsrechts werden wir die betreffenden personenbezogenen Daten nicht mehr f\u00fcr Zwecke der Direktwerbung verwenden.<\/p>\n\n\n\n<p>Sie haben die M\u00f6glichkeit, den Widerspruch telefonisch, per E-Mail, per Telefax oder an unsere zu Beginn dieser Datenschutzerkl\u00e4rung aufgef\u00fchrte Postadresse unserer Agentur formlos mitzuteilen.<\/p>\n\n\n\n<p><em>Widerruf einer Einwilligung<\/em><\/p>\n\n\n\n<p>Sie haben das Recht, eine erteilte Einwilligung jederzeit mit Wirkung f\u00fcr die Zukunft zu widerrufen. Der Widerruf der Einwilligung kann telefonisch, per E-Mail, per Telefax oder an unsere Postadresse formlos mitgeteilt werden. Durch den Widerruf wird die Rechtm\u00e4\u00dfigkeit der Datenverarbeitung, die aufgrund der Einwilligung bis zum Eingang des Widerrufs erfolgt ist, nicht ber\u00fchrt. Nach Eingang des Widerrufs wird die Datenverarbeitung, die ausschlie\u00dflich auf Ihrer Einwilligung beruhte, eingestellt.<\/p>\n\n\n\n<p><em>Beschwerde<\/em><\/p>\n\n\n\n<p>Wenn Sie der Ansicht sind, dass die Verarbeitung der Sie betreffenden personenbezogenen Daten rechtswidrig ist, k\u00f6nnen Sie Beschwerde bei einer Aufsichtsbeh\u00f6rde f\u00fcr den Datenschutz einlegen, die f\u00fcr den Ort Ihres Aufenthaltes oder Arbeitsplatzes oder f\u00fcr den Ort des mutma\u00dflichen Versto\u00dfes zust\u00e4ndig ist.<\/p>\n\n\n\n<p>Sie haben die M\u00f6glichkeit, sich mit Ihrer Beschwerde im Zusammenhang mit der Datenverarbeitung an die f\u00fcr uns zust\u00e4ndige Datenschutzaufsicht zu wenden:<\/p>\n\n\n\n<p>Der Hamburgische Beauftragte f\u00fcr Datenschutz und Informationsfreiheit<br>Kurt-Schumacher-Allee 4<br>20097 Hamburg<br>Telefon: +49 (0)40 42854 4040<br>Fax: +49 (0)40 42854 4000<br>E-Mail: mailbox@datenschutz.hamburg.de<\/p>\n\n\n\n<h2 class=\"wp-block-heading\">Cookies<\/h2>\n\n\n\n<p>Diese Website nutzt keine Cookies.<\/p>\n\n\n\n<h2 class=\"wp-block-heading\">Analyse-Dienste f\u00fcr Webseiten, Tracking<\/h2>\n\n\n\n<p>Diese Website nutzt keine Tracking- oder Webanalysedienste wie bspw. Google Analytics.<\/p>\n\n\n\n<h2 class=\"wp-block-heading\">\u00c4nderung der Datenschutzerkl\u00e4rung<\/h2>\n\n\n\n<p>Sofern einmal eine \u00c4nderung der Datenschutzerkl\u00e4rung aus rechtlichen oder tats\u00e4chlichen Gr\u00fcnden erforderlich wird, werden wir diese Seite entsprechend aktualisieren. Dabei werden keine \u00c4nderungen an den vom Nutzer erteilten Einwilligungen vorgenommen.<\/p>\n\n\n\n<h2 class=\"wp-block-heading\">Stand und Aktualisierung dieser Datenschutzerkl\u00e4rung<\/h2>\n\n\n\n<p>Es gilt unsere aktuelle Datenschutzerkl\u00e4rung vom 17.01.2021. Wir behalten uns vor, die Datenschutzerkl\u00e4rung zu gegebener Zeit zu aktualisieren, um den Datenschutz zu verbessern und\/oder an ge\u00e4nderte Beh\u00f6rdenpraxis oder Rechtsprechung anzupassen.<\/p>\n\n\n\n<p class=\"links-ref\">Titelbild: <a rel=\"noopener noreferrer\" href=\"https:\/\/unsplash.com\/@braydona\" target=\"_blank\">Braydon Anderson<\/a> \/\/ <a rel=\"noopener noreferrer\" href=\"https:\/\/unsplash.com\" target=\"_blank\">Unsplash<\/a><\/p>\n","protected":false},"excerpt":{"rendered":"<p>Pr\u00e4ambel Wir freuen uns \u00fcber Ihren Besuch auf unserer Website. Die Betreiber dieser Seiten nehmen den Schutz Ihrer pers\u00f6nlichen Daten sehr ernst. Wir behandeln Ihre personenbezogenen Daten vertraulich und entsprechend der gesetzlichen Datenschutzvorschriften sowie dieser Datenschutzerkl\u00e4rung. Zun\u00e4chst m\u00f6chten wir uns Ihnen als verantwortliche Stelle im Sinne des Datenschutzrechts vorstellen: Verantwortliche Stelle Pascal Knoll, Inhaber EUREKA [&hellip;]<\/p>\n","protected":false},"author":1,"featured_media":785,"parent":0,"menu_order":0,"comment_status":"closed","ping_status":"closed","template":"","meta":{"footnotes":""},"class_list":["post-172","page","type-page","status-publish","has-post-thumbnail","hentry"],"_links":{"self":[{"href":"https:\/\/www.eureka-konzepte.de\/en\/wp-json\/wp\/v2\/pages\/172","targetHints":{"allow":["GET"]}}],"collection":[{"href":"https:\/\/www.eureka-konzepte.de\/en\/wp-json\/wp\/v2\/pages"}],"about":[{"href":"https:\/\/www.eureka-konzepte.de\/en\/wp-json\/wp\/v2\/types\/page"}],"author":[{"embeddable":true,"href":"https:\/\/www.eureka-konzepte.de\/en\/wp-json\/wp\/v2\/users\/1"}],"replies":[{"embeddable":true,"href":"https:\/\/www.eureka-konzepte.de\/en\/wp-json\/wp\/v2\/comments?post=172"}],"version-history":[{"count":10,"href":"https:\/\/www.eureka-konzepte.de\/en\/wp-json\/wp\/v2\/pages\/172\/revisions"}],"predecessor-version":[{"id":1125,"href":"https:\/\/www.eureka-konzepte.de\/en\/wp-json\/wp\/v2\/pages\/172\/revisions\/1125"}],"wp:featuredmedia":[{"embeddable":true,"href":"https:\/\/www.eureka-konzepte.de\/en\/wp-json\/wp\/v2\/media\/785"}],"wp:attachment":[{"href":"https:\/\/www.eureka-konzepte.de\/en\/wp-json\/wp\/v2\/media?parent=172"}],"curies":[{"name":"wp","href":"https:\/\/api.w.org\/{rel}","templated":true}]}}