{"id":170,"date":"2020-09-27T15:32:53","date_gmt":"2020-09-27T13:32:53","guid":{"rendered":"https:\/\/www.eureka-konzepte.de\/?page_id=170"},"modified":"2024-08-07T14:35:01","modified_gmt":"2024-08-07T12:35:01","slug":"consulting","status":"publish","type":"page","link":"https:\/\/www.eureka-konzepte.de\/en\/consulting\/","title":{"rendered":"Digital Consulting: Where Should You Go Next?"},"content":{"rendered":"\n<p class=\"has-drop-cap\">Digitale Chancen finden sich wie Sand am Meer \u2013 ob man dabei immer richtig liegt, ist jedoch deutlich schwieriger zu beurteilen. Getrieben vom aktuellen Hype rund um das Thema Digitalisierung und der Angst, diese vierte industrielle Revolution nicht zu \u00fcberstehen, setzen Unternehmen h\u00e4ufig falsche Akzente oder Schwerpunkte. Das schafft Widerst\u00e4nde, intern und extern.<\/p>\n\n<p>Unser Fokus ist einfach: Wir wollen Ihnen helfen, die bestm\u00f6gliche langfristige Rendite aus Ihren Investitionen zu erzielen. Deshalb schauen wir zuerst auf ihre etablierten und erfolgreichen Verkaufsprozesse. Sie sind der Kompass auf unserer gemeinsamen Reise zu einer ma\u00dfgeschneiderten L\u00f6sung zur digitalen Transformation Ihres Vertriebs. So ein Prozess bringt nat\u00fcrlich auch Ver\u00e4nderungen mit sich. Doch keine Sorge, wir bleiben an Ihrer Seite, bis sich alle &#8211; Mitarbeiter, Partner, Kunden &#8211; an die neue Umgebung, die neuen Abl\u00e4ufe und die neuen Prozesse gew\u00f6hnt haben.<\/p>\n\n<p>Pragmatische, ergebnisorientierte Strategien stehen dabei f\u00fcr uns im Mittelpunkt. Wir wollen langfristigen und nachhaltigen Erfolg gew\u00e4hrleisten. Sollten wir erkennen, dass die Digitalisierung Ihr Gesch\u00e4ft nicht signifikant voranbringen kann oder ver\u00e4ndern wird, dann werden wir Ihnen das offen sagen. Wir trauen uns aber auch, bestehende Systeme und Abl\u00e4ufe in Frage zu stellen, wenn wir sicher sind, dass eine digitale Transformation Ihrem Unternehmen zugutekommen wird.<\/p>\n\n<p>Braucht Ihr Produkt- und Dienstleistungsportfolio einen Check auf Zukunftsf\u00e4higkeit? Wollen Sie Ihre Vertriebskan\u00e4le diversifizieren oder refokussieren? K\u00f6nnen Sie Ihre kundennahen, klassischen Offline-Vertriebsaktivit\u00e4ten mit einem effizienten One-Click Online-Verkaufsportal f\u00fcr Endkunden und H\u00e4ndler gleicherma\u00dfen harmonisieren? Wie sieht es mit Potentialen f\u00fcr Up- und Cross-Selling aus? Einer Automatisierung der Auftragserf\u00fcllung? Daten und Erfahrung helfen uns dabei, eine kosteneffiziente, zukunftssichere Verkaufsstrategie f\u00fcr Ihr Unternehmen zu entwickeln.<\/p>\n\n<p>Lassen Sie uns Ihr Fachwissen und unsere Digitalkompetenz b\u00fcndeln und Kurs setzen auf die digitale Transformation.<\/p>\n\n<div class=\"wp-block-columns testim is-layout-flex wp-container-core-columns-is-layout-9d6595d7 wp-block-columns-is-layout-flex\">\n<div class=\"wp-block-column testim-logo is-layout-flow wp-block-column-is-layout-flow\">\n<figure class=\"wp-block-image size-large\"><img loading=\"lazy\" decoding=\"async\" width=\"309\" height=\"220\" src=\"https:\/\/www.eureka-konzepte.de\/wp-content\/uploads\/2021\/01\/reimler_internetseite-1.png\" alt=\"\" class=\"wp-image-705\" srcset=\"https:\/\/www.eureka-konzepte.de\/wp-content\/uploads\/2021\/01\/reimler_internetseite-1.png 309w, https:\/\/www.eureka-konzepte.de\/wp-content\/uploads\/2021\/01\/reimler_internetseite-1-300x214.png 300w\" sizes=\"auto, (max-width: 309px) 100vw, 309px\" \/><\/figure>\n<\/div>\n\n\n\n<div class=\"wp-block-column testim-text is-layout-flow wp-block-column-is-layout-flow\">\n<h2 class=\"wp-block-heading\">Was unsere Kunden dazu sagen<\/h2>\n\n\n\n<p><em>\u201eEUREKA Konzepte hat in den vergangen Jahren stets flexibel und kompetent L\u00f6sungen finden k\u00f6nnen, welche genau auf unser Gesch\u00e4ftsumfeld zugeschnitten waren. Das Preis-Leistungs-Verh\u00e4ltnis von EUREKA ist einwandfrei, die Menge der \u00fcber die Website generierten Transportanfragen erstaunt uns immer noch. Wir freuen uns auf die n\u00e4chsten Jahre wertvoller Zusammenarbeit.\u201c<\/em><\/p>\n\n\n\n<p>Dieter Christiansen, 12.07.2017, Gesch\u00e4ftsf\u00fchrer der Th. Reimler &amp; Co. Nfl. GmbH<\/p>\n<\/div>\n<\/div>\n\n<p class=\"links-ref\">Titelbild: <a href=\"https:\/\/www.shutterstock.com\/de\/g\/Schibilla\" target=\"_blank\" rel=\"noopener noreferrer\">Schibilla<\/a> \/\/ <a href=\"https:\/\/www.shutterstock.com\/\" target=\"_blank\" rel=\"noopener noreferrer\">Shutterstock<\/a> (Foto), <a href=\"https:\/\/www.artstation.com\/diogogsalves\" target=\"_blank\" rel=\"noopener\">Diogo Gon\u00e7alves<\/a> (Zeichnung)<\/p>\n","protected":false},"excerpt":{"rendered":"<p>Digitale Chancen finden sich wie Sand am Meer \u2013 ob man dabei immer richtig liegt, ist jedoch deutlich schwieriger zu beurteilen. Getrieben vom aktuellen Hype rund um das Thema Digitalisierung und der Angst, diese vierte industrielle Revolution nicht zu \u00fcberstehen, setzen Unternehmen h\u00e4ufig falsche Akzente oder Schwerpunkte. Das schafft Widerst\u00e4nde, intern und extern. Unser Fokus [&hellip;]<\/p>\n","protected":false},"author":2,"featured_media":274,"parent":0,"menu_order":0,"comment_status":"closed","ping_status":"closed","template":"","meta":{"footnotes":""},"class_list":["post-170","page","type-page","status-publish","has-post-thumbnail","hentry"],"_links":{"self":[{"href":"https:\/\/www.eureka-konzepte.de\/en\/wp-json\/wp\/v2\/pages\/170","targetHints":{"allow":["GET"]}}],"collection":[{"href":"https:\/\/www.eureka-konzepte.de\/en\/wp-json\/wp\/v2\/pages"}],"about":[{"href":"https:\/\/www.eureka-konzepte.de\/en\/wp-json\/wp\/v2\/types\/page"}],"author":[{"embeddable":true,"href":"https:\/\/www.eureka-konzepte.de\/en\/wp-json\/wp\/v2\/users\/2"}],"replies":[{"embeddable":true,"href":"https:\/\/www.eureka-konzepte.de\/en\/wp-json\/wp\/v2\/comments?post=170"}],"version-history":[{"count":8,"href":"https:\/\/www.eureka-konzepte.de\/en\/wp-json\/wp\/v2\/pages\/170\/revisions"}],"predecessor-version":[{"id":1104,"href":"https:\/\/www.eureka-konzepte.de\/en\/wp-json\/wp\/v2\/pages\/170\/revisions\/1104"}],"wp:featuredmedia":[{"embeddable":true,"href":"https:\/\/www.eureka-konzepte.de\/en\/wp-json\/wp\/v2\/media\/274"}],"wp:attachment":[{"href":"https:\/\/www.eureka-konzepte.de\/en\/wp-json\/wp\/v2\/media?parent=170"}],"curies":[{"name":"wp","href":"https:\/\/api.w.org\/{rel}","templated":true}]}}